{"id":535,"date":"2020-11-16T12:11:34","date_gmt":"2020-11-16T11:11:34","guid":{"rendered":"https:\/\/cdp56.ovh\/gites-semaphore-etel\/?page_id=535"},"modified":"2024-05-28T15:33:44","modified_gmt":"2024-05-28T13:33:44","slug":"modele-de-page-daccueil-port","status":"publish","type":"page","link":"https:\/\/compagniedesportsdumorbihan.com\/gites-semaphore-etel\/","title":{"rendered":"Accueil"},"content":{"rendered":"<p>[et_pb_section fb_built=&#8221;1&#8243; admin_label=&#8221;Section Header&#8221; _builder_version=&#8221;4.16&#8243; _module_preset=&#8221;default&#8221; background_enable_color=&#8221;off&#8221; use_background_color_gradient=&#8221;on&#8221; background_color_gradient_stops=&#8221;rgba(0,0,0,0.5) 20%|rgba(255,255,255,0) 100%&#8221; background_color_gradient_start=&#8221;rgba(0,0,0,0.5)&#8221; background_color_gradient_start_position=&#8221;20%&#8221; background_color_gradient_end=&#8221;rgba(255,255,255,0)&#8221; background_image=&#8221;https:\/\/compagniedesportsdumorbihan.com\/gites-semaphore-etel\/wp-content\/uploads\/sites\/4\/2020\/11\/Salon.jpg&#8221; background_blend=&#8221;multiply&#8221; custom_margin=&#8221;-10%||||false|false&#8221; custom_padding=&#8221;20em||30em||false|false&#8221; animation_style=&#8221;fade&#8221; global_colors_info=&#8221;{}&#8221;][et_pb_row admin_label=&#8221;Ligne&#8221; _builder_version=&#8221;4.16&#8243; _module_preset=&#8221;default&#8221; custom_padding=&#8221;||14px|||&#8221; global_colors_info=&#8221;{}&#8221;][et_pb_column type=&#8221;4_4&#8243; _builder_version=&#8221;4.16&#8243; _module_preset=&#8221;default&#8221; global_colors_info=&#8221;{}&#8221;][et_pb_text admin_label=&#8221;Texte&#8221; _builder_version=&#8221;4.16&#8243; _module_preset=&#8221;default&#8221; header_font=&#8221;|800|||||||&#8221; header_text_align=&#8221;center&#8221; header_text_color=&#8221;#ffffff&#8221; header_font_size=&#8221;65px&#8221; global_colors_info=&#8221;{}&#8221;]<\/p>\n<h1>G\u00eetes du S\u00e9maphore<\/h1>\n<p>[\/et_pb_text][\/et_pb_column][\/et_pb_row][et_pb_row _builder_version=&#8221;4.16&#8243; _module_preset=&#8221;default&#8221; global_colors_info=&#8221;{}&#8221;][et_pb_column type=&#8221;4_4&#8243; _builder_version=&#8221;4.16&#8243; _module_preset=&#8221;default&#8221; global_colors_info=&#8221;{}&#8221;][et_pb_text _builder_version=&#8221;4.16&#8243; _module_preset=&#8221;default&#8221; text_font=&#8221;|300|||||||&#8221; text_text_color=&#8221;#FFFFFF&#8221; text_font_size=&#8221;24px&#8221; text_text_shadow_style=&#8221;preset3&#8243; global_colors_info=&#8221;{}&#8221;]<\/p>\n<p style=\"text-align: center;\">Ressourcez-vous en famille<\/p>\n<p>[\/et_pb_text][\/et_pb_column][\/et_pb_row][\/et_pb_section][et_pb_section fb_built=&#8221;1&#8243; admin_label=&#8221;Section&#8221; _builder_version=&#8221;4.16&#8243; _module_preset=&#8221;default&#8221; custom_padding=&#8221;||60px|||&#8221; box_shadow_style=&#8221;preset1&#8243; global_colors_info=&#8221;{}&#8221;][et_pb_row use_custom_gutter=&#8221;on&#8221; gutter_width=&#8221;2&#8243; make_equal=&#8221;on&#8221; _builder_version=&#8221;4.16&#8243; _module_preset=&#8221;default&#8221; background_enable_color=&#8221;off&#8221; width=&#8221;75%&#8221; max_width=&#8221;1920px&#8221; module_alignment=&#8221;center&#8221; custom_margin=&#8221;-15%||||false|false&#8221; custom_padding=&#8221;0px||0px||false|false&#8221; global_colors_info=&#8221;{}&#8221;][et_pb_column type=&#8221;4_4&#8243; admin_label=&#8221;Colonne&#8221; _builder_version=&#8221;4.16&#8243; _module_preset=&#8221;default&#8221; background_color=&#8221;#ffffff&#8221; custom_padding=&#8221;20px|20px|30px|20px|false|true&#8221; border_radii=&#8221;off|10px|10px||&#8221; box_shadow_style=&#8221;preset1&#8243; box_shadow_horizontal=&#8221;12px&#8221; box_shadow_vertical=&#8221;8px&#8221; global_colors_info=&#8221;{}&#8221;][et_pb_text _builder_version=&#8221;4.16&#8243; _module_preset=&#8221;default&#8221; text_font_size=&#8221;16px&#8221; text_line_height=&#8221;1.5em&#8221; header_2_font=&#8221;|600|||||||&#8221; header_2_text_align=&#8221;center&#8221; header_2_line_height=&#8221;1.8em&#8221; custom_padding=&#8221;|20px||20px|false|true&#8221; global_colors_info=&#8221;{}&#8221;]<\/p>\n<h2 style=\"text-align: center;\"><span style=\"text-align: justify;\">G\u00eete Familial &amp; Studio<\/span><\/h2>\n<p style=\"text-align: justify;\">Connaissez-vous le bout du monde ? Il est ici, dans une nature merveilleuse, calme et pure.<\/p>\n<p style=\"text-align: justify;\">Le gite du S\u00e9maphore d\u2019\u00c9tel offre une v\u00e9ritable bouff\u00e9e d\u2019oxyg\u00e8ne ! Quelque soit la m\u00e9t\u00e9o, le temps d\u2019une nuit, d\u2019un week-end ou d\u2019une semaine. Seul dans cet \u00e9crin exceptionnel, la nature est \u00e0 vous et rien que pour vous.<\/p>\n<p style=\"text-align: justify;\">Situ\u00e9 \u00e0 Plouhinec face \u00e0 l&#8217;oc\u00e9an au plein c\u0153ur , le s\u00e9maphore d&#8217;\u00c9tel vous propose deux logements cosy et \u00e9l\u00e9gants dans un environnement sauvage et naturel exceptionnel. Depuis la l\u00e9gendaire entr\u00e9e du port d&#8217;\u00c9tel, vous pouvez en effet arpenter les plages et sentiers du &#8220;Grand Site des Dunes Sauvages de G\u00e2vres \u00e0 Quiberon&#8221;, comptant pas moins de 700 esp\u00e8ces v\u00e9g\u00e9tales et animales rares, voire uniques en Bretagne. Vous pouvez \u00e9galement rejoindre facilement le port du Magou\u00ebr, Saint-Cado\u2026 ou de l\u2019autre c\u00f4t\u00e9, la petite mer de G\u00e2vres, ou encore Lorient.<\/p>\n<p style=\"text-align: justify;\">Les deux h\u00e9bergements se composent d&#8217;un studio pour 2 adultes et un enfant et d&#8217;un appartement de deux chambres sur deux \u00e9tages. Toutes les pi\u00e8ces de ces h\u00e9bergements ont une vue directe sur l&#8217;oc\u00e9an et une terrasse avec un panorama \u00e0 180\u00b0 sur ce paysage immense et rare. Ces deux appartements peuvent \u00eatre r\u00e9unis pour un h\u00e9bergement de 6\/7 personnes.<\/p>\n<p style=\"text-align: justify;\">Les logements sont \u00e0 proximit\u00e9 imm\u00e9diate des plages. Vous pouvez pratiquer l&#8217;ensemble des sports nautiques (plaisance, surf, paddle\u2026).<\/p>\n<p style=\"text-align: justify;\">Des v\u00e9los sont \u00e0 disposition avec les logements. D&#8217;avril \u00e0 septembre, un passeur vous permet de traverser la rivi\u00e8re d&#8217;\u00c9tel entre la rive du s\u00e9maphore et l&#8217;autre c\u00f4t\u00e9 de la ria, le port d&#8217;\u00c9tel. Vous pouvez passer avec vos v\u00e9los.<\/p>\n<p style=\"text-align: justify;\">Le S\u00e9maphore d&#8217;\u00c9tel se trouve \u00e0 41 km de Vannes et \u00e0 30 km de Quiberon. L\u2019a\u00e9roport de Lorient-Bretagne Sud, le plus proche, est distant de 21 km.<\/p>\n<p>[\/et_pb_text][et_pb_text _builder_version=&#8221;4.16&#8243; _module_preset=&#8221;default&#8221; background_image=&#8221;https:\/\/compagniedesportsdumorbihan.com\/gites-semaphore-etel\/wp-content\/uploads\/sites\/4\/2020\/11\/Ria-etel-scaled.jpg&#8221; min_height=&#8221;300px&#8221; global_colors_info=&#8221;{}&#8221;][\/et_pb_text][\/et_pb_column][\/et_pb_row][\/et_pb_section][et_pb_section fb_built=&#8221;1&#8243; _builder_version=&#8221;4.16&#8243; _module_preset=&#8221;default&#8221; global_colors_info=&#8221;{}&#8221;][et_pb_row column_structure=&#8221;1_2,1_2&#8243; make_equal=&#8221;on&#8221; _builder_version=&#8221;4.16&#8243; _module_preset=&#8221;default&#8221; link_option_url=&#8221;https:\/\/compagniedesportsdumorbihan.com\/gites-semaphore-etel\/gite-familial\/&#8221; global_colors_info=&#8221;{}&#8221;][et_pb_column type=&#8221;1_2&#8243; _builder_version=&#8221;4.16&#8243; _module_preset=&#8221;default&#8221; custom_padding=&#8221;25px||25px||true|false&#8221; box_shadow_style=&#8221;preset2&#8243; global_colors_info=&#8221;{}&#8221;][et_pb_text _builder_version=&#8221;4.16&#8243; _module_preset=&#8221;default&#8221; global_colors_info=&#8221;{}&#8221;]<\/p>\n<h3 style=\"text-align: center;\">G\u00eete Familial<\/h3>\n<p>[\/et_pb_text][et_pb_image src=&#8221;https:\/\/compagniedesportsdumorbihan.com\/gites-semaphore-etel\/wp-content\/uploads\/sites\/4\/2020\/11\/Salon-2.jpg&#8221; title_text=&#8221;Salon (2)&#8221; _builder_version=&#8221;4.16&#8243; _module_preset=&#8221;default&#8221; global_colors_info=&#8221;{}&#8221;][\/et_pb_image][et_pb_text _builder_version=&#8221;4.16&#8243; _module_preset=&#8221;default&#8221; custom_padding=&#8221;|15px||15px|false|true&#8221; global_colors_info=&#8221;{}&#8221;]<\/p>\n<p style=\"text-align: center;\">Appartement 2 chambres avec 2 lits doubles.<\/p>\n<p>[\/et_pb_text][\/et_pb_column][et_pb_column type=&#8221;1_2&#8243; _builder_version=&#8221;4.16&#8243; _module_preset=&#8221;default&#8221; custom_padding=&#8221;25px||25px||true|false&#8221; box_shadow_style=&#8221;preset2&#8243; global_colors_info=&#8221;{}&#8221;][et_pb_text _builder_version=&#8221;4.16&#8243; _module_preset=&#8221;default&#8221; global_colors_info=&#8221;{}&#8221;]<\/p>\n<h3 style=\"text-align: center;\">G\u00eete Studio<\/h3>\n<p>[\/et_pb_text][et_pb_image src=&#8221;https:\/\/compagniedesportsdumorbihan.com\/gites-semaphore-etel\/wp-content\/uploads\/sites\/4\/2020\/11\/Studio.jpg&#8221; title_text=&#8221;Studio&#8221; _builder_version=&#8221;4.16&#8243; _module_preset=&#8221;default&#8221; global_colors_info=&#8221;{}&#8221;][\/et_pb_image][et_pb_text _builder_version=&#8221;4.16&#8243; _module_preset=&#8221;default&#8221; custom_padding=&#8221;|15px||15px|false|true&#8221; global_colors_info=&#8221;{}&#8221;]<\/p>\n<p style=\"text-align: center;\">Studio 1 canap\u00e9-lit et 1 lit simple.<\/p>\n<p>[\/et_pb_text][\/et_pb_column][\/et_pb_row][et_pb_row _builder_version=&#8221;4.16&#8243; _module_preset=&#8221;default&#8221; global_colors_info=&#8221;{}&#8221;][et_pb_column type=&#8221;4_4&#8243; _builder_version=&#8221;4.16&#8243; _module_preset=&#8221;default&#8221; global_colors_info=&#8221;{}&#8221;][et_pb_button button_url=&#8221;https:\/\/www.madamevacances.com\/locations\/france\/bretagne\/etel\/semaphore-d-etel\/%20utm_source=compagnie_ports_morbihan&#038;utm_medium=site&#038;utm_campaign=reservation&#8221; button_text=&#8221;Je r\u00e9serve mon s\u00e9jour&#8221; button_alignment=&#8221;center&#8221; _builder_version=&#8221;4.25.1&#8243; _module_preset=&#8221;default&#8221; custom_button=&#8221;on&#8221; button_text_size=&#8221;20px&#8221; button_text_color=&#8221;#FFFFFF&#8221; button_bg_color=&#8221;#00457A&#8221; button_border_width=&#8221;2px&#8221; button_border_color=&#8221;#00457a&#8221; button_border_radius=&#8221;25px&#8221; button_use_icon=&#8221;off&#8221; hover_enabled=&#8221;0&#8243; button_border_color_last_edited=&#8221;off|desktop&#8221; box_shadow_style=&#8221;preset1&#8243; global_module=&#8221;716&#8243; global_colors_info=&#8221;{}&#8221; button_text_color__hover_enabled=&#8221;off|desktop&#8221; button_text_color__hover=&#8221;#00457a&#8221; button_bg_color__hover_enabled=&#8221;off|hover&#8221; button_bg_color__hover=&#8221;#ffffff&#8221; button_bg_enable_color__hover=&#8221;on&#8221; button_border_color__hover_enabled=&#8221;off|desktop&#8221; button_border_color__hover=&#8221;#00457a&#8221; transform_styles__hover_enabled=&#8221;on|hover&#8221; transform_scale__hover_enabled=&#8221;on|hover&#8221; transform_translate__hover_enabled=&#8221;on|desktop&#8221; transform_rotate__hover_enabled=&#8221;on|desktop&#8221; transform_skew__hover_enabled=&#8221;on|desktop&#8221; transform_origin__hover_enabled=&#8221;on|desktop&#8221; transform_scale__hover=&#8221;110%|110%&#8221; button_text_size__sticky_enabled=&#8221;on|sticky&#8221; button_text_size__sticky=&#8221;16px&#8221; button_bg_color__sticky_enabled=&#8221;on|desktop&#8221; button_bg_color__sticky=&#8221;#00457a&#8221; button_bg_enable_color__sticky=&#8221;on&#8221; button_text_color__sticky_enabled=&#8221;on|desktop&#8221; button_text_color__sticky=&#8221;#ffffff&#8221; button_border_color__sticky_enabled=&#8221;on|desktop&#8221; sticky_enabled=&#8221;0&#8243;][\/et_pb_button][\/et_pb_column][\/et_pb_row][\/et_pb_section]<\/p>\n","protected":false},"excerpt":{"rendered":"<p>G\u00eetes du S\u00e9maphoreRessourcez-vous en familleG\u00eete Familial &amp; Studio Connaissez-vous le bout du monde ? Il est ici, dans une nature merveilleuse, calme et pure. Le gite du S\u00e9maphore d\u2019\u00c9tel offre une v\u00e9ritable bouff\u00e9e d\u2019oxyg\u00e8ne ! Quelque soit la m\u00e9t\u00e9o, le temps d\u2019une nuit, d\u2019un week-end ou d\u2019une semaine. Seul dans cet \u00e9crin exceptionnel, la nature [&hellip;]<\/p>\n","protected":false},"author":1,"featured_media":0,"parent":0,"menu_order":0,"comment_status":"closed","ping_status":"closed","template":"","meta":{"_acf_changed":false,"_et_pb_use_builder":"on","_et_pb_old_content":"","_et_gb_content_width":"","footnotes":""},"class_list":["post-535","page","type-page","status-publish","hentry"],"acf":[],"yoast_head":"<!-- This site is optimized with the Yoast SEO plugin v27.4 - https:\/\/yoast.com\/product\/yoast-seo-wordpress\/ -->\n<title>Accueil - G\u00eetes S\u00e9maphore \u00c9tel<\/title>\n<meta name=\"robots\" content=\"index, follow, max-snippet:-1, max-image-preview:large, max-video-preview:-1\" \/>\n<link rel=\"canonical\" href=\"https:\/\/compagniedesportsdumorbihan.com\/gites-semaphore-etel\/\" \/>\n<meta property=\"og:locale\" content=\"fr_FR\" \/>\n<meta property=\"og:type\" content=\"article\" \/>\n<meta property=\"og:title\" content=\"Accueil - G\u00eetes S\u00e9maphore \u00c9tel\" \/>\n<meta property=\"og:description\" content=\"G\u00eetes du S\u00e9maphoreRessourcez-vous en familleG\u00eete Familial &amp; Studio Connaissez-vous le bout du monde ? Il est ici, dans une nature merveilleuse, calme et pure. Le gite du S\u00e9maphore d\u2019\u00c9tel offre une v\u00e9ritable bouff\u00e9e d\u2019oxyg\u00e8ne ! Quelque soit la m\u00e9t\u00e9o, le temps d\u2019une nuit, d\u2019un week-end ou d\u2019une semaine. Seul dans cet \u00e9crin exceptionnel, la nature [&hellip;]\" \/>\n<meta property=\"og:url\" content=\"https:\/\/compagniedesportsdumorbihan.com\/gites-semaphore-etel\/\" \/>\n<meta property=\"og:site_name\" content=\"G\u00eetes S\u00e9maphore \u00c9tel\" \/>\n<meta property=\"article:modified_time\" content=\"2024-05-28T13:33:44+00:00\" \/>\n<meta name=\"twitter:card\" content=\"summary_large_image\" \/>\n<meta name=\"twitter:label1\" content=\"Dur\u00e9e de lecture estim\u00e9e\" \/>\n\t<meta name=\"twitter:data1\" content=\"2 minutes\" \/>\n<script type=\"application\/ld+json\" class=\"yoast-schema-graph\">{\"@context\":\"https:\\\/\\\/schema.org\",\"@graph\":[{\"@type\":\"WebPage\",\"@id\":\"https:\\\/\\\/compagniedesportsdumorbihan.com\\\/gites-semaphore-etel\\\/\",\"url\":\"https:\\\/\\\/compagniedesportsdumorbihan.com\\\/gites-semaphore-etel\\\/\",\"name\":\"Accueil - G\u00eetes S\u00e9maphore \u00c9tel\",\"isPartOf\":{\"@id\":\"https:\\\/\\\/compagniedesportsdumorbihan.com\\\/gites-semaphore-etel\\\/#website\"},\"datePublished\":\"2020-11-16T11:11:34+00:00\",\"dateModified\":\"2024-05-28T13:33:44+00:00\",\"breadcrumb\":{\"@id\":\"https:\\\/\\\/compagniedesportsdumorbihan.com\\\/gites-semaphore-etel\\\/#breadcrumb\"},\"inLanguage\":\"fr-FR\",\"potentialAction\":[{\"@type\":\"ReadAction\",\"target\":[\"https:\\\/\\\/compagniedesportsdumorbihan.com\\\/gites-semaphore-etel\\\/\"]}]},{\"@type\":\"BreadcrumbList\",\"@id\":\"https:\\\/\\\/compagniedesportsdumorbihan.com\\\/gites-semaphore-etel\\\/#breadcrumb\",\"itemListElement\":[{\"@type\":\"ListItem\",\"position\":1,\"name\":\"Accueil\",\"item\":\"https:\\\/\\\/compagniedesportsdumorbihan.com\\\/gites-semaphore-etel\\\/\"},{\"@type\":\"ListItem\",\"position\":2,\"name\":\"Accueil\"}]},{\"@type\":\"WebSite\",\"@id\":\"https:\\\/\\\/compagniedesportsdumorbihan.com\\\/gites-semaphore-etel\\\/#website\",\"url\":\"https:\\\/\\\/compagniedesportsdumorbihan.com\\\/gites-semaphore-etel\\\/\",\"name\":\"G\u00eetes S\u00e9maphore \u00c9tel\",\"description\":\"Un site utilisant Compagnie des Ports du Morbihan\",\"potentialAction\":[{\"@type\":\"SearchAction\",\"target\":{\"@type\":\"EntryPoint\",\"urlTemplate\":\"https:\\\/\\\/compagniedesportsdumorbihan.com\\\/gites-semaphore-etel\\\/?s={search_term_string}\"},\"query-input\":{\"@type\":\"PropertyValueSpecification\",\"valueRequired\":true,\"valueName\":\"search_term_string\"}}],\"inLanguage\":\"fr-FR\"}]}<\/script>\n<!-- \/ Yoast SEO plugin. -->","yoast_head_json":{"title":"Accueil - G\u00eetes S\u00e9maphore \u00c9tel","robots":{"index":"index","follow":"follow","max-snippet":"max-snippet:-1","max-image-preview":"max-image-preview:large","max-video-preview":"max-video-preview:-1"},"canonical":"https:\/\/compagniedesportsdumorbihan.com\/gites-semaphore-etel\/","og_locale":"fr_FR","og_type":"article","og_title":"Accueil - G\u00eetes S\u00e9maphore \u00c9tel","og_description":"G\u00eetes du S\u00e9maphoreRessourcez-vous en familleG\u00eete Familial &amp; Studio Connaissez-vous le bout du monde ? Il est ici, dans une nature merveilleuse, calme et pure. Le gite du S\u00e9maphore d\u2019\u00c9tel offre une v\u00e9ritable bouff\u00e9e d\u2019oxyg\u00e8ne ! Quelque soit la m\u00e9t\u00e9o, le temps d\u2019une nuit, d\u2019un week-end ou d\u2019une semaine. Seul dans cet \u00e9crin exceptionnel, la nature [&hellip;]","og_url":"https:\/\/compagniedesportsdumorbihan.com\/gites-semaphore-etel\/","og_site_name":"G\u00eetes S\u00e9maphore \u00c9tel","article_modified_time":"2024-05-28T13:33:44+00:00","twitter_card":"summary_large_image","twitter_misc":{"Dur\u00e9e de lecture estim\u00e9e":"2 minutes"},"schema":{"@context":"https:\/\/schema.org","@graph":[{"@type":"WebPage","@id":"https:\/\/compagniedesportsdumorbihan.com\/gites-semaphore-etel\/","url":"https:\/\/compagniedesportsdumorbihan.com\/gites-semaphore-etel\/","name":"Accueil - G\u00eetes S\u00e9maphore \u00c9tel","isPartOf":{"@id":"https:\/\/compagniedesportsdumorbihan.com\/gites-semaphore-etel\/#website"},"datePublished":"2020-11-16T11:11:34+00:00","dateModified":"2024-05-28T13:33:44+00:00","breadcrumb":{"@id":"https:\/\/compagniedesportsdumorbihan.com\/gites-semaphore-etel\/#breadcrumb"},"inLanguage":"fr-FR","potentialAction":[{"@type":"ReadAction","target":["https:\/\/compagniedesportsdumorbihan.com\/gites-semaphore-etel\/"]}]},{"@type":"BreadcrumbList","@id":"https:\/\/compagniedesportsdumorbihan.com\/gites-semaphore-etel\/#breadcrumb","itemListElement":[{"@type":"ListItem","position":1,"name":"Accueil","item":"https:\/\/compagniedesportsdumorbihan.com\/gites-semaphore-etel\/"},{"@type":"ListItem","position":2,"name":"Accueil"}]},{"@type":"WebSite","@id":"https:\/\/compagniedesportsdumorbihan.com\/gites-semaphore-etel\/#website","url":"https:\/\/compagniedesportsdumorbihan.com\/gites-semaphore-etel\/","name":"G\u00eetes S\u00e9maphore \u00c9tel","description":"Un site utilisant Compagnie des Ports du Morbihan","potentialAction":[{"@type":"SearchAction","target":{"@type":"EntryPoint","urlTemplate":"https:\/\/compagniedesportsdumorbihan.com\/gites-semaphore-etel\/?s={search_term_string}"},"query-input":{"@type":"PropertyValueSpecification","valueRequired":true,"valueName":"search_term_string"}}],"inLanguage":"fr-FR"}]}},"_links":{"self":[{"href":"https:\/\/compagniedesportsdumorbihan.com\/gites-semaphore-etel\/wp-json\/wp\/v2\/pages\/535","targetHints":{"allow":["GET"]}}],"collection":[{"href":"https:\/\/compagniedesportsdumorbihan.com\/gites-semaphore-etel\/wp-json\/wp\/v2\/pages"}],"about":[{"href":"https:\/\/compagniedesportsdumorbihan.com\/gites-semaphore-etel\/wp-json\/wp\/v2\/types\/page"}],"author":[{"embeddable":true,"href":"https:\/\/compagniedesportsdumorbihan.com\/gites-semaphore-etel\/wp-json\/wp\/v2\/users\/1"}],"replies":[{"embeddable":true,"href":"https:\/\/compagniedesportsdumorbihan.com\/gites-semaphore-etel\/wp-json\/wp\/v2\/comments?post=535"}],"version-history":[{"count":33,"href":"https:\/\/compagniedesportsdumorbihan.com\/gites-semaphore-etel\/wp-json\/wp\/v2\/pages\/535\/revisions"}],"predecessor-version":[{"id":801,"href":"https:\/\/compagniedesportsdumorbihan.com\/gites-semaphore-etel\/wp-json\/wp\/v2\/pages\/535\/revisions\/801"}],"wp:attachment":[{"href":"https:\/\/compagniedesportsdumorbihan.com\/gites-semaphore-etel\/wp-json\/wp\/v2\/media?parent=535"}],"curies":[{"name":"wp","href":"https:\/\/api.w.org\/{rel}","templated":true}]}}